{"id":109,"date":"2014-12-10T14:57:14","date_gmt":"2014-12-10T19:57:14","guid":{"rendered":"http:\/\/clearpaycanada.com\/mogenda\/?page_id=109"},"modified":"2018-02-01T11:10:40","modified_gmt":"2018-02-01T16:10:40","slug":"our-story","status":"publish","type":"page","link":"https:\/\/clearpaycanada.com\/fr\/about-us\/our-story\/","title":{"rendered":"Nous avons recueilli les commentaires de centaines de courtiers en assurances."},"content":{"rendered":"<div class=\"cols col clr\"><p><div class=\"col\">ClearPay est une soci\u00e9t\u00e9 ind\u00e9pendante mise sur pied par des professionnels ayant des ann\u00e9es d&#8217;exp\u00e9rience dans l&#8217;industrie de l&#8217;assurance, afin de r\u00e9gler les probl\u00e8mes li\u00e9s \u00e0 l\u2019envoi de paiements et de donn\u00e9es courantes sur le compte entre les courtiers et les soci\u00e9t\u00e9s d\u2019assurance.  Les centaines de soci\u00e9t\u00e9s et de courtiers consult\u00e9s \u00e0 travers le Canada nous ont confirm\u00e9 la n\u00e9cessit\u00e9 d\u2019une solution de paiement \u00e9lectronique automatis\u00e9, en mesure d\u2019uniformiser le processus complet de paiement. Une solution \u00e0 laquelle les courtiers pourraient recourir pour envoyer de fa\u00e7on \u00e9lectronique aux soci\u00e9t\u00e9s d\u2019assurance tant les montants plus ou moins \u00e9lev\u00e9s que les paiements imm\u00e9diats ou mensuels, en recourant au m\u00eame processus \u00e0 faible co\u00fbt pour chaque soci\u00e9t\u00e9.  En d\u2019autres mots, l&#8217;industrie doit abandonner le processus manuel intensif en place \u00e0 l\u2019heure actuelle, alors que les paiements et les donn\u00e9es sont envoy\u00e9s d\u2019autant de fa\u00e7ons qu&#8217;il y a de courtiers.<\/p>\n<p>&nbsp;<\/p>\n<p><span style=\"color: #464646; font-family: 'Arial',sans-serif;\">Le processus actuel de r\u00e8glement des comptes mensuels et des paiements ponctuels (changements de politique au milieu du trimestre, provisions insuffisantes sur les affaires directes) est d\u00e9suet et trop complexe. \u00c0 l\u2019heure actuelle, les soci\u00e9t\u00e9s d\u2019assurance facturent des montants qui peuvent diff\u00e9rer de ceux du SGC du courtier, le processus de paiement n&#8217;est pas s\u00e9curis\u00e9 (avec des volumes \u00e9lev\u00e9s de ch\u00e8ques \u00e9mis par les maisons de courtage), repose \u00e9norm\u00e9ment sur le papier, avec d&#8217;innombrables fa\u00e7ons d&#8217;effectuer les paiements ainsi que la forme et le format des donn\u00e9es de politique qui sont envoy\u00e9es.  Tout ceci diminue la valeur des op\u00e9rations des maisons de courtage et des soci\u00e9t\u00e9s d\u2019assurance.<\/span><\/p>\n<p>&nbsp;<\/p><\/div><div class=\"col\"><p><span style=\"color: #464646; font-family: 'Arial',sans-serif;\">ClearPay vise \u00e0 att\u00e9nuer les co\u00fbts \u00e9lev\u00e9s associ\u00e9s \u00e0 la complexit\u00e9 des nombreux processus actuels des courtiers et des soci\u00e9t\u00e9s, en automatisant le processus de r\u00e8glement de paiement.  ClearPay permet aux courtiers de r\u00e9gler en une seule \u00e9tape tous les paiements par voie \u00e9lectronique aux soci\u00e9t\u00e9s d\u2019assurance et de transmettre un format uniforme de rapprochement des donn\u00e9es pour toutes les soci\u00e9t\u00e9s, directement \u00e0 partir du syst\u00e8me principal de gestion de courtage.<\/span><\/div><\/p><\/div>\n","protected":false},"excerpt":{"rendered":"","protected":false},"author":2,"featured_media":401,"parent":107,"menu_order":0,"comment_status":"closed","ping_status":"closed","template":"","meta":{"footnotes":""},"class_list":["post-109","page","type-page","status-publish","has-post-thumbnail","hentry"],"yoast_head":"<!-- This site is optimized with the Yoast SEO plugin v26.9 - https:\/\/yoast.com\/product\/yoast-seo-wordpress\/ -->\n<title>Nous avons recueilli les commentaires de centaines de courtiers en assurances. - ClearPay French<\/title>\n<meta name=\"robots\" content=\"index, follow, max-snippet:-1, max-image-preview:large, max-video-preview:-1\" \/>\n<link rel=\"canonical\" href=\"https:\/\/clearpaycanada.com\/fr\/about-us\/our-story\/\" \/>\n<meta property=\"og:locale\" content=\"en_US\" \/>\n<meta property=\"og:type\" content=\"article\" \/>\n<meta property=\"og:title\" content=\"Nous avons recueilli les commentaires de centaines de courtiers en assurances. - ClearPay French\" \/>\n<meta property=\"og:url\" content=\"https:\/\/clearpaycanada.com\/fr\/about-us\/our-story\/\" \/>\n<meta property=\"og:site_name\" content=\"ClearPay French\" \/>\n<meta property=\"article:modified_time\" content=\"2018-02-01T16:10:40+00:00\" \/>\n<meta property=\"og:image\" content=\"https:\/\/clearpaycanada.com\/fr\/wp-content\/uploads\/2014\/12\/Header-us.jpg\" \/>\n\t<meta property=\"og:image:width\" content=\"1280\" \/>\n\t<meta property=\"og:image:height\" content=\"700\" \/>\n\t<meta property=\"og:image:type\" content=\"image\/jpeg\" \/>\n<meta name=\"twitter:label1\" content=\"Est. reading time\" \/>\n\t<meta name=\"twitter:data1\" content=\"2 minutes\" \/>\n<script type=\"application\/ld+json\" class=\"yoast-schema-graph\">{\"@context\":\"https:\/\/schema.org\",\"@graph\":[{\"@type\":\"WebPage\",\"@id\":\"https:\/\/clearpaycanada.com\/fr\/about-us\/our-story\/\",\"url\":\"https:\/\/clearpaycanada.com\/fr\/about-us\/our-story\/\",\"name\":\"Nous avons recueilli les commentaires de centaines de courtiers en assurances. - ClearPay French\",\"isPartOf\":{\"@id\":\"https:\/\/clearpaycanada.com\/fr\/#website\"},\"primaryImageOfPage\":{\"@id\":\"https:\/\/clearpaycanada.com\/fr\/about-us\/our-story\/#primaryimage\"},\"image\":{\"@id\":\"https:\/\/clearpaycanada.com\/fr\/about-us\/our-story\/#primaryimage\"},\"thumbnailUrl\":\"https:\/\/clearpaycanada.com\/fr\/wp-content\/uploads\/2014\/12\/Header-us.jpg\",\"datePublished\":\"2014-12-10T19:57:14+00:00\",\"dateModified\":\"2018-02-01T16:10:40+00:00\",\"breadcrumb\":{\"@id\":\"https:\/\/clearpaycanada.com\/fr\/about-us\/our-story\/#breadcrumb\"},\"inLanguage\":\"en-US\",\"potentialAction\":[{\"@type\":\"ReadAction\",\"target\":[\"https:\/\/clearpaycanada.com\/fr\/about-us\/our-story\/\"]}]},{\"@type\":\"ImageObject\",\"inLanguage\":\"en-US\",\"@id\":\"https:\/\/clearpaycanada.com\/fr\/about-us\/our-story\/#primaryimage\",\"url\":\"https:\/\/clearpaycanada.com\/fr\/wp-content\/uploads\/2014\/12\/Header-us.jpg\",\"contentUrl\":\"https:\/\/clearpaycanada.com\/fr\/wp-content\/uploads\/2014\/12\/Header-us.jpg\",\"width\":1280,\"height\":700,\"caption\":\"About us\"},{\"@type\":\"BreadcrumbList\",\"@id\":\"https:\/\/clearpaycanada.com\/fr\/about-us\/our-story\/#breadcrumb\",\"itemListElement\":[{\"@type\":\"ListItem\",\"position\":1,\"name\":\"Home\",\"item\":\"https:\/\/clearpaycanada.com\/fr\/\"},{\"@type\":\"ListItem\",\"position\":2,\"name\":\"About Us\",\"item\":\"https:\/\/clearpaycanada.com\/fr\/about-us\/\"},{\"@type\":\"ListItem\",\"position\":3,\"name\":\"Nous avons recueilli les commentaires de centaines de courtiers en assurances.\"}]},{\"@type\":\"WebSite\",\"@id\":\"https:\/\/clearpaycanada.com\/fr\/#website\",\"url\":\"https:\/\/clearpaycanada.com\/fr\/\",\"name\":\"ClearPay French\",\"description\":\"Agency Authorized, Carrier Settled, Industry Trusted\",\"potentialAction\":[{\"@type\":\"SearchAction\",\"target\":{\"@type\":\"EntryPoint\",\"urlTemplate\":\"https:\/\/clearpaycanada.com\/fr\/?s={search_term_string}\"},\"query-input\":{\"@type\":\"PropertyValueSpecification\",\"valueRequired\":true,\"valueName\":\"search_term_string\"}}],\"inLanguage\":\"en-US\"}]}<\/script>\n<!-- \/ Yoast SEO plugin. -->","yoast_head_json":{"title":"Nous avons recueilli les commentaires de centaines de courtiers en assurances. - ClearPay French","robots":{"index":"index","follow":"follow","max-snippet":"max-snippet:-1","max-image-preview":"max-image-preview:large","max-video-preview":"max-video-preview:-1"},"canonical":"https:\/\/clearpaycanada.com\/fr\/about-us\/our-story\/","og_locale":"en_US","og_type":"article","og_title":"Nous avons recueilli les commentaires de centaines de courtiers en assurances. - ClearPay French","og_url":"https:\/\/clearpaycanada.com\/fr\/about-us\/our-story\/","og_site_name":"ClearPay French","article_modified_time":"2018-02-01T16:10:40+00:00","og_image":[{"width":1280,"height":700,"url":"https:\/\/clearpaycanada.com\/fr\/wp-content\/uploads\/2014\/12\/Header-us.jpg","type":"image\/jpeg"}],"twitter_misc":{"Est. reading time":"2 minutes"},"schema":{"@context":"https:\/\/schema.org","@graph":[{"@type":"WebPage","@id":"https:\/\/clearpaycanada.com\/fr\/about-us\/our-story\/","url":"https:\/\/clearpaycanada.com\/fr\/about-us\/our-story\/","name":"Nous avons recueilli les commentaires de centaines de courtiers en assurances. - ClearPay French","isPartOf":{"@id":"https:\/\/clearpaycanada.com\/fr\/#website"},"primaryImageOfPage":{"@id":"https:\/\/clearpaycanada.com\/fr\/about-us\/our-story\/#primaryimage"},"image":{"@id":"https:\/\/clearpaycanada.com\/fr\/about-us\/our-story\/#primaryimage"},"thumbnailUrl":"https:\/\/clearpaycanada.com\/fr\/wp-content\/uploads\/2014\/12\/Header-us.jpg","datePublished":"2014-12-10T19:57:14+00:00","dateModified":"2018-02-01T16:10:40+00:00","breadcrumb":{"@id":"https:\/\/clearpaycanada.com\/fr\/about-us\/our-story\/#breadcrumb"},"inLanguage":"en-US","potentialAction":[{"@type":"ReadAction","target":["https:\/\/clearpaycanada.com\/fr\/about-us\/our-story\/"]}]},{"@type":"ImageObject","inLanguage":"en-US","@id":"https:\/\/clearpaycanada.com\/fr\/about-us\/our-story\/#primaryimage","url":"https:\/\/clearpaycanada.com\/fr\/wp-content\/uploads\/2014\/12\/Header-us.jpg","contentUrl":"https:\/\/clearpaycanada.com\/fr\/wp-content\/uploads\/2014\/12\/Header-us.jpg","width":1280,"height":700,"caption":"About us"},{"@type":"BreadcrumbList","@id":"https:\/\/clearpaycanada.com\/fr\/about-us\/our-story\/#breadcrumb","itemListElement":[{"@type":"ListItem","position":1,"name":"Home","item":"https:\/\/clearpaycanada.com\/fr\/"},{"@type":"ListItem","position":2,"name":"About Us","item":"https:\/\/clearpaycanada.com\/fr\/about-us\/"},{"@type":"ListItem","position":3,"name":"Nous avons recueilli les commentaires de centaines de courtiers en assurances."}]},{"@type":"WebSite","@id":"https:\/\/clearpaycanada.com\/fr\/#website","url":"https:\/\/clearpaycanada.com\/fr\/","name":"ClearPay French","description":"Agency Authorized, Carrier Settled, Industry Trusted","potentialAction":[{"@type":"SearchAction","target":{"@type":"EntryPoint","urlTemplate":"https:\/\/clearpaycanada.com\/fr\/?s={search_term_string}"},"query-input":{"@type":"PropertyValueSpecification","valueRequired":true,"valueName":"search_term_string"}}],"inLanguage":"en-US"}]}},"_links":{"self":[{"href":"https:\/\/clearpaycanada.com\/fr\/wp-json\/wp\/v2\/pages\/109","targetHints":{"allow":["GET"]}}],"collection":[{"href":"https:\/\/clearpaycanada.com\/fr\/wp-json\/wp\/v2\/pages"}],"about":[{"href":"https:\/\/clearpaycanada.com\/fr\/wp-json\/wp\/v2\/types\/page"}],"author":[{"embeddable":true,"href":"https:\/\/clearpaycanada.com\/fr\/wp-json\/wp\/v2\/users\/2"}],"replies":[{"embeddable":true,"href":"https:\/\/clearpaycanada.com\/fr\/wp-json\/wp\/v2\/comments?post=109"}],"version-history":[{"count":24,"href":"https:\/\/clearpaycanada.com\/fr\/wp-json\/wp\/v2\/pages\/109\/revisions"}],"predecessor-version":[{"id":1393,"href":"https:\/\/clearpaycanada.com\/fr\/wp-json\/wp\/v2\/pages\/109\/revisions\/1393"}],"up":[{"embeddable":true,"href":"https:\/\/clearpaycanada.com\/fr\/wp-json\/wp\/v2\/pages\/107"}],"wp:featuredmedia":[{"embeddable":true,"href":"https:\/\/clearpaycanada.com\/fr\/wp-json\/wp\/v2\/media\/401"}],"wp:attachment":[{"href":"https:\/\/clearpaycanada.com\/fr\/wp-json\/wp\/v2\/media?parent=109"}],"curies":[{"name":"wp","href":"https:\/\/api.w.org\/{rel}","templated":true}]}}