{"id":113,"date":"2014-12-10T14:57:43","date_gmt":"2014-12-10T19:57:43","guid":{"rendered":"http:\/\/clearpaycanada.com\/mogenda\/?page_id=113"},"modified":"2018-04-24T10:54:30","modified_gmt":"2018-04-24T14:54:30","slug":"carrieres","status":"publish","type":"page","link":"https:\/\/clearpaycanada.com\/fr\/about-us\/carrieres\/","title":{"rendered":"Carri\u00e8res"},"content":{"rendered":"<h3>Joignez-vous \u00e0 nous<\/h3>\n<p><strong>Nous sommes toujours \u00e0 la recherche de gens comme vous.<\/strong><\/p>\n<p>Vous en avez assez d\u2019\u00eatre anonyme dans une grande entreprise? \u00cates-vous un professionnel tr\u00e8s motiv\u00e9 de la finance et de l\u2019assurance \u00e0 la recherche d\u2019une carri\u00e8re dans une entreprise dynamique? ClearPay souhaite vous rencontrer. Notre environnement en \u00e9volution constante r\u00e9pond aux demandes de nos clients et vous aurez l\u2019occasion d\u2019acqu\u00e9rir de nouvelles comp\u00e9tences et technologies.<\/p>\n<p>ClearPay est une entreprise en pleine croissance qui se d\u00e9finit par ses membres.<\/p>\n<p><strong>Possibilit\u00e9s de carri\u00e8res actuelles<\/strong><\/p>\n<ul>\n<li>Consutant(e), Solutions bilingues &#8211; <a href=\"http:\/\/www.clearpaycanada.com\/fr\/wp-content\/themes\/clearpay\/careers\/ClearPay_Solutions_Consultant_Quebec_francais.pdf\" rel=\"noopener\" target=\"_blank\">D\u00e9tails<\/a><\/li>\n<\/ul>\n<p>Int\u00e9ress\u00e9? Parlez-nous un peu de vous:\u00a0 <a href=\"mailto:service@clearpaycanada.com\">service@clearpaycanada.com<\/a><\/p>\n","protected":false},"excerpt":{"rendered":"<p>Joignez-vous \u00e0 nous Nous sommes toujours \u00e0 la recherche de gens comme vous. Vous en avez assez d\u2019\u00eatre anonyme dans une grande entreprise? \u00cates-vous un professionnel tr\u00e8s motiv\u00e9 de la finance et de l\u2019assurance \u00e0 la recherche d\u2019une carri\u00e8re dans une entreprise dynamique? ClearPay souhaite vous rencontrer. Notre environnement en \u00e9volution constante r\u00e9pond aux demandes&#8230;<\/p>\n","protected":false},"author":2,"featured_media":401,"parent":107,"menu_order":0,"comment_status":"closed","ping_status":"closed","template":"","meta":{"footnotes":""},"class_list":["post-113","page","type-page","status-publish","has-post-thumbnail","hentry"],"yoast_head":"<!-- This site is optimized with the Yoast SEO plugin v26.9 - https:\/\/yoast.com\/product\/yoast-seo-wordpress\/ -->\n<title>Carri\u00e8res - ClearPay French<\/title>\n<meta name=\"robots\" content=\"index, follow, max-snippet:-1, max-image-preview:large, max-video-preview:-1\" \/>\n<link rel=\"canonical\" href=\"https:\/\/clearpaycanada.com\/fr\/about-us\/carrieres\/\" \/>\n<meta property=\"og:locale\" content=\"en_US\" \/>\n<meta property=\"og:type\" content=\"article\" \/>\n<meta property=\"og:title\" content=\"Carri\u00e8res - ClearPay French\" \/>\n<meta property=\"og:description\" content=\"Joignez-vous \u00e0 nous Nous sommes toujours \u00e0 la recherche de gens comme vous. Vous en avez assez d\u2019\u00eatre anonyme dans une grande entreprise? \u00cates-vous un professionnel tr\u00e8s motiv\u00e9 de la finance et de l\u2019assurance \u00e0 la recherche d\u2019une carri\u00e8re dans une entreprise dynamique? ClearPay souhaite vous rencontrer. Notre environnement en \u00e9volution constante r\u00e9pond aux demandes...\" \/>\n<meta property=\"og:url\" content=\"https:\/\/clearpaycanada.com\/fr\/about-us\/carrieres\/\" \/>\n<meta property=\"og:site_name\" content=\"ClearPay French\" \/>\n<meta property=\"article:modified_time\" content=\"2018-04-24T14:54:30+00:00\" \/>\n<meta property=\"og:image\" content=\"https:\/\/clearpaycanada.com\/fr\/wp-content\/uploads\/2014\/12\/Header-us.jpg\" \/>\n\t<meta property=\"og:image:width\" content=\"1280\" \/>\n\t<meta property=\"og:image:height\" content=\"700\" \/>\n\t<meta property=\"og:image:type\" content=\"image\/jpeg\" \/>\n<meta name=\"twitter:label1\" content=\"Est. reading time\" \/>\n\t<meta name=\"twitter:data1\" content=\"1 minute\" \/>\n<script type=\"application\/ld+json\" class=\"yoast-schema-graph\">{\"@context\":\"https:\/\/schema.org\",\"@graph\":[{\"@type\":\"WebPage\",\"@id\":\"https:\/\/clearpaycanada.com\/fr\/about-us\/carrieres\/\",\"url\":\"https:\/\/clearpaycanada.com\/fr\/about-us\/carrieres\/\",\"name\":\"Carri\u00e8res - ClearPay French\",\"isPartOf\":{\"@id\":\"https:\/\/clearpaycanada.com\/fr\/#website\"},\"primaryImageOfPage\":{\"@id\":\"https:\/\/clearpaycanada.com\/fr\/about-us\/carrieres\/#primaryimage\"},\"image\":{\"@id\":\"https:\/\/clearpaycanada.com\/fr\/about-us\/carrieres\/#primaryimage\"},\"thumbnailUrl\":\"https:\/\/clearpaycanada.com\/fr\/wp-content\/uploads\/2014\/12\/Header-us.jpg\",\"datePublished\":\"2014-12-10T19:57:43+00:00\",\"dateModified\":\"2018-04-24T14:54:30+00:00\",\"breadcrumb\":{\"@id\":\"https:\/\/clearpaycanada.com\/fr\/about-us\/carrieres\/#breadcrumb\"},\"inLanguage\":\"en-US\",\"potentialAction\":[{\"@type\":\"ReadAction\",\"target\":[\"https:\/\/clearpaycanada.com\/fr\/about-us\/carrieres\/\"]}]},{\"@type\":\"ImageObject\",\"inLanguage\":\"en-US\",\"@id\":\"https:\/\/clearpaycanada.com\/fr\/about-us\/carrieres\/#primaryimage\",\"url\":\"https:\/\/clearpaycanada.com\/fr\/wp-content\/uploads\/2014\/12\/Header-us.jpg\",\"contentUrl\":\"https:\/\/clearpaycanada.com\/fr\/wp-content\/uploads\/2014\/12\/Header-us.jpg\",\"width\":1280,\"height\":700,\"caption\":\"About us\"},{\"@type\":\"BreadcrumbList\",\"@id\":\"https:\/\/clearpaycanada.com\/fr\/about-us\/carrieres\/#breadcrumb\",\"itemListElement\":[{\"@type\":\"ListItem\",\"position\":1,\"name\":\"Home\",\"item\":\"https:\/\/clearpaycanada.com\/fr\/\"},{\"@type\":\"ListItem\",\"position\":2,\"name\":\"About Us\",\"item\":\"https:\/\/clearpaycanada.com\/fr\/about-us\/\"},{\"@type\":\"ListItem\",\"position\":3,\"name\":\"Carri\u00e8res\"}]},{\"@type\":\"WebSite\",\"@id\":\"https:\/\/clearpaycanada.com\/fr\/#website\",\"url\":\"https:\/\/clearpaycanada.com\/fr\/\",\"name\":\"ClearPay French\",\"description\":\"Agency Authorized, Carrier Settled, Industry Trusted\",\"potentialAction\":[{\"@type\":\"SearchAction\",\"target\":{\"@type\":\"EntryPoint\",\"urlTemplate\":\"https:\/\/clearpaycanada.com\/fr\/?s={search_term_string}\"},\"query-input\":{\"@type\":\"PropertyValueSpecification\",\"valueRequired\":true,\"valueName\":\"search_term_string\"}}],\"inLanguage\":\"en-US\"}]}<\/script>\n<!-- \/ Yoast SEO plugin. -->","yoast_head_json":{"title":"Carri\u00e8res - ClearPay French","robots":{"index":"index","follow":"follow","max-snippet":"max-snippet:-1","max-image-preview":"max-image-preview:large","max-video-preview":"max-video-preview:-1"},"canonical":"https:\/\/clearpaycanada.com\/fr\/about-us\/carrieres\/","og_locale":"en_US","og_type":"article","og_title":"Carri\u00e8res - ClearPay French","og_description":"Joignez-vous \u00e0 nous Nous sommes toujours \u00e0 la recherche de gens comme vous. Vous en avez assez d\u2019\u00eatre anonyme dans une grande entreprise? \u00cates-vous un professionnel tr\u00e8s motiv\u00e9 de la finance et de l\u2019assurance \u00e0 la recherche d\u2019une carri\u00e8re dans une entreprise dynamique? ClearPay souhaite vous rencontrer. Notre environnement en \u00e9volution constante r\u00e9pond aux demandes...","og_url":"https:\/\/clearpaycanada.com\/fr\/about-us\/carrieres\/","og_site_name":"ClearPay French","article_modified_time":"2018-04-24T14:54:30+00:00","og_image":[{"width":1280,"height":700,"url":"https:\/\/clearpaycanada.com\/fr\/wp-content\/uploads\/2014\/12\/Header-us.jpg","type":"image\/jpeg"}],"twitter_misc":{"Est. reading time":"1 minute"},"schema":{"@context":"https:\/\/schema.org","@graph":[{"@type":"WebPage","@id":"https:\/\/clearpaycanada.com\/fr\/about-us\/carrieres\/","url":"https:\/\/clearpaycanada.com\/fr\/about-us\/carrieres\/","name":"Carri\u00e8res - ClearPay French","isPartOf":{"@id":"https:\/\/clearpaycanada.com\/fr\/#website"},"primaryImageOfPage":{"@id":"https:\/\/clearpaycanada.com\/fr\/about-us\/carrieres\/#primaryimage"},"image":{"@id":"https:\/\/clearpaycanada.com\/fr\/about-us\/carrieres\/#primaryimage"},"thumbnailUrl":"https:\/\/clearpaycanada.com\/fr\/wp-content\/uploads\/2014\/12\/Header-us.jpg","datePublished":"2014-12-10T19:57:43+00:00","dateModified":"2018-04-24T14:54:30+00:00","breadcrumb":{"@id":"https:\/\/clearpaycanada.com\/fr\/about-us\/carrieres\/#breadcrumb"},"inLanguage":"en-US","potentialAction":[{"@type":"ReadAction","target":["https:\/\/clearpaycanada.com\/fr\/about-us\/carrieres\/"]}]},{"@type":"ImageObject","inLanguage":"en-US","@id":"https:\/\/clearpaycanada.com\/fr\/about-us\/carrieres\/#primaryimage","url":"https:\/\/clearpaycanada.com\/fr\/wp-content\/uploads\/2014\/12\/Header-us.jpg","contentUrl":"https:\/\/clearpaycanada.com\/fr\/wp-content\/uploads\/2014\/12\/Header-us.jpg","width":1280,"height":700,"caption":"About us"},{"@type":"BreadcrumbList","@id":"https:\/\/clearpaycanada.com\/fr\/about-us\/carrieres\/#breadcrumb","itemListElement":[{"@type":"ListItem","position":1,"name":"Home","item":"https:\/\/clearpaycanada.com\/fr\/"},{"@type":"ListItem","position":2,"name":"About Us","item":"https:\/\/clearpaycanada.com\/fr\/about-us\/"},{"@type":"ListItem","position":3,"name":"Carri\u00e8res"}]},{"@type":"WebSite","@id":"https:\/\/clearpaycanada.com\/fr\/#website","url":"https:\/\/clearpaycanada.com\/fr\/","name":"ClearPay French","description":"Agency Authorized, Carrier Settled, Industry Trusted","potentialAction":[{"@type":"SearchAction","target":{"@type":"EntryPoint","urlTemplate":"https:\/\/clearpaycanada.com\/fr\/?s={search_term_string}"},"query-input":{"@type":"PropertyValueSpecification","valueRequired":true,"valueName":"search_term_string"}}],"inLanguage":"en-US"}]}},"_links":{"self":[{"href":"https:\/\/clearpaycanada.com\/fr\/wp-json\/wp\/v2\/pages\/113","targetHints":{"allow":["GET"]}}],"collection":[{"href":"https:\/\/clearpaycanada.com\/fr\/wp-json\/wp\/v2\/pages"}],"about":[{"href":"https:\/\/clearpaycanada.com\/fr\/wp-json\/wp\/v2\/types\/page"}],"author":[{"embeddable":true,"href":"https:\/\/clearpaycanada.com\/fr\/wp-json\/wp\/v2\/users\/2"}],"replies":[{"embeddable":true,"href":"https:\/\/clearpaycanada.com\/fr\/wp-json\/wp\/v2\/comments?post=113"}],"version-history":[{"count":15,"href":"https:\/\/clearpaycanada.com\/fr\/wp-json\/wp\/v2\/pages\/113\/revisions"}],"predecessor-version":[{"id":1418,"href":"https:\/\/clearpaycanada.com\/fr\/wp-json\/wp\/v2\/pages\/113\/revisions\/1418"}],"up":[{"embeddable":true,"href":"https:\/\/clearpaycanada.com\/fr\/wp-json\/wp\/v2\/pages\/107"}],"wp:featuredmedia":[{"embeddable":true,"href":"https:\/\/clearpaycanada.com\/fr\/wp-json\/wp\/v2\/media\/401"}],"wp:attachment":[{"href":"https:\/\/clearpaycanada.com\/fr\/wp-json\/wp\/v2\/media?parent=113"}],"curies":[{"name":"wp","href":"https:\/\/api.w.org\/{rel}","templated":true}]}}