{"id":1143,"date":"2017-03-20T13:08:56","date_gmt":"2017-03-20T17:08:56","guid":{"rendered":"http:\/\/clearpaycanada.com\/mogenda\/?page_id=1143"},"modified":"2018-02-01T11:16:21","modified_gmt":"2018-02-01T16:16:21","slug":"our-team","status":"publish","type":"page","link":"https:\/\/clearpaycanada.com\/fr\/our-team\/","title":{"rendered":"Notre \u00e9quipe"},"content":{"rendered":"<h2 class=\"cpHeaderPurple addBottomMargin removeTextTransform\">Voici notre \u00e9quipe<\/h2>\n<h3 class=\"cpHeaderBlack\">John Knotek &#8211; <span class=\"cpHeaderBlue\">Directeur G\u00e9n\u00e9ral<\/span><\/h3>\n<p class=\"noBottomPadding\">\nJohn poss\u00e8de plus de 20 ann\u00e9es de leadership et d\u2019exp\u00e9rience dans l&#8217;industrie bancaire et d&#8217;assurance. Il est impliqu\u00e9 dans le secteur de l&#8217;assurance et vise \u00e0 favoriser l&#8217;efficacit\u00e9 tant des soci\u00e9t\u00e9s d\u2019assurances que des maisons de courtage. Vous pouvez rejoindre John au (647) 494-3884.<br \/>\n<a href=\"https:\/\/www.linkedin.com\/in\/jknotek\/\"><img loading=\"lazy\" decoding=\"async\" width=\"512\" height=\"512\" src=\"https:\/\/clearpaycanada.com\/fr\/wp-content\/uploads\/2017\/03\/linkedin.png\" alt=\"\" class=\"alignleft size-full wp-image-1171 linkedInImg\" srcset=\"https:\/\/clearpaycanada.com\/fr\/wp-content\/uploads\/2017\/03\/linkedin.png 512w, https:\/\/clearpaycanada.com\/fr\/wp-content\/uploads\/2017\/03\/linkedin-400x400.png 400w, https:\/\/clearpaycanada.com\/fr\/wp-content\/uploads\/2017\/03\/linkedin-300x300.png 300w, https:\/\/clearpaycanada.com\/fr\/wp-content\/uploads\/2017\/03\/linkedin-230x230.png 230w, https:\/\/clearpaycanada.com\/fr\/wp-content\/uploads\/2017\/03\/linkedin-150x150.png 150w\" sizes=\"auto, (max-width: 512px) 100vw, 512px\" \/><\/a><\/p>\n<div class=\"cpSeperatorContainer\">\n<div class=\"cpSeperator\"><\/div>\n<\/div>\n<h3 class=\"cpHeaderBlack\">Karrie Warner &#8211; <span class=\"cpHeaderBlue\">Vice-Pr\u00e9sidente, Op\u00e9rations<\/span><\/h3>\n<p class=\"noBottomPadding\">\nKarrie poss\u00e8de plus de 20 ann\u00e9es d&#8217;exp\u00e9rience en finances, technologies de l&#8217;information et op\u00e9rations dans les maisons de courtage et les soci\u00e9t\u00e9s d&#8217;assurance. Elle a acquis une excellente exp\u00e9rience client et s&#8217;assure que notre application s\u2019inscrit dans les flux de travail de l&#8217;industrie actuelle.<br \/>\n<a href=\"https:\/\/www.linkedin.com\/in\/karrie-warner-a562b617\/\"><img loading=\"lazy\" decoding=\"async\" width=\"512\" height=\"512\" src=\"https:\/\/clearpaycanada.com\/fr\/wp-content\/uploads\/2017\/03\/linkedin.png\" alt=\"\" class=\"alignleft size-full wp-image-1171 linkedInImg\" srcset=\"https:\/\/clearpaycanada.com\/fr\/wp-content\/uploads\/2017\/03\/linkedin.png 512w, https:\/\/clearpaycanada.com\/fr\/wp-content\/uploads\/2017\/03\/linkedin-400x400.png 400w, https:\/\/clearpaycanada.com\/fr\/wp-content\/uploads\/2017\/03\/linkedin-300x300.png 300w, https:\/\/clearpaycanada.com\/fr\/wp-content\/uploads\/2017\/03\/linkedin-230x230.png 230w, https:\/\/clearpaycanada.com\/fr\/wp-content\/uploads\/2017\/03\/linkedin-150x150.png 150w\" sizes=\"auto, (max-width: 512px) 100vw, 512px\" \/><\/a>\n<\/p>\n<div class=\"cpSeperatorContainer\">\n<div class=\"cpSeperator\"><\/div>\n<\/div>\n<h3 class=\"cpHeaderBlack\">Mike Virgilio &#8211; <span class=\"cpHeaderBlue\">Directeur National des Ventes<\/span><\/h3>\n<p class=\"noBottomPadding\">\nMike compte plus de 20 ann\u00e9es d&#8217;exp\u00e9rience en ventes techniques dans l&#8217;industrie de l&#8217;assurance, dont pr\u00e8s de 19 ans \u00e0 Applied Systems. Son approche centr\u00e9e sur les courtiers, en plus de son engagement envers les relations \u00e0 long terme, font en sorte qu&#8217;il apporte les bonnes solutions au courtier appropri\u00e9. Mike serait heureux d\u2019en discuter avec vous au (647) 799-3012.<br \/>\n<a href=\"https:\/\/www.linkedin.com\/in\/mike-virgilio-aaa9216\/\"><img loading=\"lazy\" decoding=\"async\" width=\"512\" height=\"512\" src=\"https:\/\/clearpaycanada.com\/fr\/wp-content\/uploads\/2017\/03\/linkedin.png\" alt=\"\" class=\"alignleft size-full wp-image-1171 linkedInImg\" srcset=\"https:\/\/clearpaycanada.com\/fr\/wp-content\/uploads\/2017\/03\/linkedin.png 512w, https:\/\/clearpaycanada.com\/fr\/wp-content\/uploads\/2017\/03\/linkedin-400x400.png 400w, https:\/\/clearpaycanada.com\/fr\/wp-content\/uploads\/2017\/03\/linkedin-300x300.png 300w, https:\/\/clearpaycanada.com\/fr\/wp-content\/uploads\/2017\/03\/linkedin-230x230.png 230w, https:\/\/clearpaycanada.com\/fr\/wp-content\/uploads\/2017\/03\/linkedin-150x150.png 150w\" sizes=\"auto, (max-width: 512px) 100vw, 512px\" \/><\/a>\n<\/p>\n<h2 class=\"cpHeaderPurple addBottomMargin addTopMargin removeTextTransform\">Conseil d&#8217;administration<\/h2>\n<h3 class=\"cpHeaderBlack\">David Galloway<\/h3>\n<p>David est l&#8217;ancien pr\u00e9sident et chef de la direction de Torstar Corporation et ancien pr\u00e9sident du conseil d&#8217;administration de la Banque de Montr\u00e9al. M. Galloway d\u00e9tient un baccalaur\u00e9at (avec sp\u00e9cialisation) en sciences politiques et en \u00e9conomie de l&#8217;Universit\u00e9 de Toronto, ainsi qu\u2019un MBA de la Harvard Business School.<\/p>\n<div class=\"cpSeperatorContainer\">\n<div class=\"cpSeperator\"><\/div>\n<\/div>\n<h3 class=\"cpHeaderBlack\">Neil Morrison<\/h3>\n<p>Neil poss\u00e8de plus de 23 ann\u00e9es de leadership dans l&#8217;industrie de l&#8217;assurance. Il est l&#8217;ancien pr\u00e9sident de l&#8217;Institut d&#8217;assurance du Canada et d\u00e9tient un baccalaur\u00e9at (avec sp\u00e9cialisation) en \u00e9conomie de l&#8217;Universit\u00e9 Queens.<\/p>\n<div class=\"cpSeperatorContainer\">\n<div class=\"cpSeperator\"><\/div>\n<\/div>\n<h3 class=\"cpHeaderBlack\">Philip MacDonnell<\/h3>\n<p>Phil a acquis de l\u2019exp\u00e9rience avec les march\u00e9s de capitaux gr\u00e2ce \u00e0 son implication aupr\u00e8s d&#8217;une maison de courtage et comme conseiller aupr\u00e8s d&#8217;un certain nombre de soci\u00e9t\u00e9s canadiennes. Il est titulaire d&#8217;un baccalaur\u00e9at (sp\u00e9cialis\u00e9) de l&#8217;Universit\u00e9 de Western Ontario et il est comptable agr\u00e9\u00e9.<\/p>\n","protected":false},"excerpt":{"rendered":"<p>Voici notre \u00e9quipe John Knotek &#8211; Directeur G\u00e9n\u00e9ral John poss\u00e8de plus de 20 ann\u00e9es de leadership et d\u2019exp\u00e9rience dans l&#8217;industrie bancaire et d&#8217;assurance. Il est impliqu\u00e9 dans le secteur de l&#8217;assurance et vise \u00e0 favoriser l&#8217;efficacit\u00e9 tant des soci\u00e9t\u00e9s d\u2019assurances que des maisons de courtage. Vous pouvez rejoindre John au (647) 494-3884. Karrie Warner &#8211;&#8230;<\/p>\n","protected":false},"author":2,"featured_media":0,"parent":0,"menu_order":0,"comment_status":"closed","ping_status":"closed","template":"content.php","meta":{"footnotes":""},"class_list":["post-1143","page","type-page","status-publish","hentry"],"yoast_head":"<!-- This site is optimized with the Yoast SEO plugin v26.9 - https:\/\/yoast.com\/product\/yoast-seo-wordpress\/ -->\n<title>Notre \u00e9quipe - ClearPay French<\/title>\n<meta name=\"robots\" content=\"index, follow, max-snippet:-1, max-image-preview:large, max-video-preview:-1\" \/>\n<link rel=\"canonical\" href=\"https:\/\/clearpaycanada.com\/fr\/our-team\/\" \/>\n<meta property=\"og:locale\" content=\"en_US\" \/>\n<meta property=\"og:type\" content=\"article\" \/>\n<meta property=\"og:title\" content=\"Notre \u00e9quipe - ClearPay French\" \/>\n<meta property=\"og:description\" content=\"Voici notre \u00e9quipe John Knotek &#8211; Directeur G\u00e9n\u00e9ral John poss\u00e8de plus de 20 ann\u00e9es de leadership et d\u2019exp\u00e9rience dans l&#8217;industrie bancaire et d&#8217;assurance. Il est impliqu\u00e9 dans le secteur de l&#8217;assurance et vise \u00e0 favoriser l&#8217;efficacit\u00e9 tant des soci\u00e9t\u00e9s d\u2019assurances que des maisons de courtage. Vous pouvez rejoindre John au (647) 494-3884. Karrie Warner &#8211;...\" \/>\n<meta property=\"og:url\" content=\"https:\/\/clearpaycanada.com\/fr\/our-team\/\" \/>\n<meta property=\"og:site_name\" content=\"ClearPay French\" \/>\n<meta property=\"article:modified_time\" content=\"2018-02-01T16:16:21+00:00\" \/>\n<meta property=\"og:image\" content=\"https:\/\/clearpaycanada.com\/fr\/wp-content\/uploads\/2017\/03\/linkedin.png\" \/>\n<meta name=\"twitter:label1\" content=\"Est. reading time\" \/>\n\t<meta name=\"twitter:data1\" content=\"2 minutes\" \/>\n<script type=\"application\/ld+json\" class=\"yoast-schema-graph\">{\"@context\":\"https:\/\/schema.org\",\"@graph\":[{\"@type\":\"WebPage\",\"@id\":\"https:\/\/clearpaycanada.com\/fr\/our-team\/\",\"url\":\"https:\/\/clearpaycanada.com\/fr\/our-team\/\",\"name\":\"Notre \u00e9quipe - ClearPay French\",\"isPartOf\":{\"@id\":\"https:\/\/clearpaycanada.com\/fr\/#website\"},\"primaryImageOfPage\":{\"@id\":\"https:\/\/clearpaycanada.com\/fr\/our-team\/#primaryimage\"},\"image\":{\"@id\":\"https:\/\/clearpaycanada.com\/fr\/our-team\/#primaryimage\"},\"thumbnailUrl\":\"https:\/\/clearpaycanada.com\/fr\/wp-content\/uploads\/2017\/03\/linkedin.png\",\"datePublished\":\"2017-03-20T17:08:56+00:00\",\"dateModified\":\"2018-02-01T16:16:21+00:00\",\"breadcrumb\":{\"@id\":\"https:\/\/clearpaycanada.com\/fr\/our-team\/#breadcrumb\"},\"inLanguage\":\"en-US\",\"potentialAction\":[{\"@type\":\"ReadAction\",\"target\":[\"https:\/\/clearpaycanada.com\/fr\/our-team\/\"]}]},{\"@type\":\"ImageObject\",\"inLanguage\":\"en-US\",\"@id\":\"https:\/\/clearpaycanada.com\/fr\/our-team\/#primaryimage\",\"url\":\"https:\/\/clearpaycanada.com\/fr\/wp-content\/uploads\/2017\/03\/linkedin.png\",\"contentUrl\":\"https:\/\/clearpaycanada.com\/fr\/wp-content\/uploads\/2017\/03\/linkedin.png\",\"width\":512,\"height\":512},{\"@type\":\"BreadcrumbList\",\"@id\":\"https:\/\/clearpaycanada.com\/fr\/our-team\/#breadcrumb\",\"itemListElement\":[{\"@type\":\"ListItem\",\"position\":1,\"name\":\"Home\",\"item\":\"https:\/\/clearpaycanada.com\/fr\/\"},{\"@type\":\"ListItem\",\"position\":2,\"name\":\"Notre \u00e9quipe\"}]},{\"@type\":\"WebSite\",\"@id\":\"https:\/\/clearpaycanada.com\/fr\/#website\",\"url\":\"https:\/\/clearpaycanada.com\/fr\/\",\"name\":\"ClearPay French\",\"description\":\"Agency Authorized, Carrier Settled, Industry Trusted\",\"potentialAction\":[{\"@type\":\"SearchAction\",\"target\":{\"@type\":\"EntryPoint\",\"urlTemplate\":\"https:\/\/clearpaycanada.com\/fr\/?s={search_term_string}\"},\"query-input\":{\"@type\":\"PropertyValueSpecification\",\"valueRequired\":true,\"valueName\":\"search_term_string\"}}],\"inLanguage\":\"en-US\"}]}<\/script>\n<!-- \/ Yoast SEO plugin. -->","yoast_head_json":{"title":"Notre \u00e9quipe - ClearPay French","robots":{"index":"index","follow":"follow","max-snippet":"max-snippet:-1","max-image-preview":"max-image-preview:large","max-video-preview":"max-video-preview:-1"},"canonical":"https:\/\/clearpaycanada.com\/fr\/our-team\/","og_locale":"en_US","og_type":"article","og_title":"Notre \u00e9quipe - ClearPay French","og_description":"Voici notre \u00e9quipe John Knotek &#8211; Directeur G\u00e9n\u00e9ral John poss\u00e8de plus de 20 ann\u00e9es de leadership et d\u2019exp\u00e9rience dans l&#8217;industrie bancaire et d&#8217;assurance. Il est impliqu\u00e9 dans le secteur de l&#8217;assurance et vise \u00e0 favoriser l&#8217;efficacit\u00e9 tant des soci\u00e9t\u00e9s d\u2019assurances que des maisons de courtage. Vous pouvez rejoindre John au (647) 494-3884. Karrie Warner &#8211;...","og_url":"https:\/\/clearpaycanada.com\/fr\/our-team\/","og_site_name":"ClearPay French","article_modified_time":"2018-02-01T16:16:21+00:00","og_image":[{"url":"https:\/\/clearpaycanada.com\/fr\/wp-content\/uploads\/2017\/03\/linkedin.png","type":"","width":"","height":""}],"twitter_misc":{"Est. reading time":"2 minutes"},"schema":{"@context":"https:\/\/schema.org","@graph":[{"@type":"WebPage","@id":"https:\/\/clearpaycanada.com\/fr\/our-team\/","url":"https:\/\/clearpaycanada.com\/fr\/our-team\/","name":"Notre \u00e9quipe - ClearPay French","isPartOf":{"@id":"https:\/\/clearpaycanada.com\/fr\/#website"},"primaryImageOfPage":{"@id":"https:\/\/clearpaycanada.com\/fr\/our-team\/#primaryimage"},"image":{"@id":"https:\/\/clearpaycanada.com\/fr\/our-team\/#primaryimage"},"thumbnailUrl":"https:\/\/clearpaycanada.com\/fr\/wp-content\/uploads\/2017\/03\/linkedin.png","datePublished":"2017-03-20T17:08:56+00:00","dateModified":"2018-02-01T16:16:21+00:00","breadcrumb":{"@id":"https:\/\/clearpaycanada.com\/fr\/our-team\/#breadcrumb"},"inLanguage":"en-US","potentialAction":[{"@type":"ReadAction","target":["https:\/\/clearpaycanada.com\/fr\/our-team\/"]}]},{"@type":"ImageObject","inLanguage":"en-US","@id":"https:\/\/clearpaycanada.com\/fr\/our-team\/#primaryimage","url":"https:\/\/clearpaycanada.com\/fr\/wp-content\/uploads\/2017\/03\/linkedin.png","contentUrl":"https:\/\/clearpaycanada.com\/fr\/wp-content\/uploads\/2017\/03\/linkedin.png","width":512,"height":512},{"@type":"BreadcrumbList","@id":"https:\/\/clearpaycanada.com\/fr\/our-team\/#breadcrumb","itemListElement":[{"@type":"ListItem","position":1,"name":"Home","item":"https:\/\/clearpaycanada.com\/fr\/"},{"@type":"ListItem","position":2,"name":"Notre \u00e9quipe"}]},{"@type":"WebSite","@id":"https:\/\/clearpaycanada.com\/fr\/#website","url":"https:\/\/clearpaycanada.com\/fr\/","name":"ClearPay French","description":"Agency Authorized, Carrier Settled, Industry Trusted","potentialAction":[{"@type":"SearchAction","target":{"@type":"EntryPoint","urlTemplate":"https:\/\/clearpaycanada.com\/fr\/?s={search_term_string}"},"query-input":{"@type":"PropertyValueSpecification","valueRequired":true,"valueName":"search_term_string"}}],"inLanguage":"en-US"}]}},"_links":{"self":[{"href":"https:\/\/clearpaycanada.com\/fr\/wp-json\/wp\/v2\/pages\/1143","targetHints":{"allow":["GET"]}}],"collection":[{"href":"https:\/\/clearpaycanada.com\/fr\/wp-json\/wp\/v2\/pages"}],"about":[{"href":"https:\/\/clearpaycanada.com\/fr\/wp-json\/wp\/v2\/types\/page"}],"author":[{"embeddable":true,"href":"https:\/\/clearpaycanada.com\/fr\/wp-json\/wp\/v2\/users\/2"}],"replies":[{"embeddable":true,"href":"https:\/\/clearpaycanada.com\/fr\/wp-json\/wp\/v2\/comments?post=1143"}],"version-history":[{"count":48,"href":"https:\/\/clearpaycanada.com\/fr\/wp-json\/wp\/v2\/pages\/1143\/revisions"}],"predecessor-version":[{"id":1395,"href":"https:\/\/clearpaycanada.com\/fr\/wp-json\/wp\/v2\/pages\/1143\/revisions\/1395"}],"wp:attachment":[{"href":"https:\/\/clearpaycanada.com\/fr\/wp-json\/wp\/v2\/media?parent=1143"}],"curies":[{"name":"wp","href":"https:\/\/api.w.org\/{rel}","templated":true}]}}