{"id":1435,"date":"2022-04-11T12:39:50","date_gmt":"2022-04-11T16:39:50","guid":{"rendered":"https:\/\/clearpaycanada.com\/fr\/?page_id=1435"},"modified":"2022-04-11T12:39:51","modified_gmt":"2022-04-11T16:39:51","slug":"insurepay-offre-solution-de-facturation-et-de-paiements-dassurance-de-bout-en-bout-grace-au-dernier-investissement-de-serie-b-mene-par-aquiline-technology-growth","status":"publish","type":"page","link":"https:\/\/clearpaycanada.com\/fr\/insurepay-offre-solution-de-facturation-et-de-paiements-dassurance-de-bout-en-bout-grace-au-dernier-investissement-de-serie-b-mene-par-aquiline-technology-growth\/","title":{"rendered":"InsurePay offre solution de facturation et de paiements d\u2019assurance de bout en bout gr\u00e2ce au dernier investissement de s\u00e9rie B men\u00e9 par Aquiline Technology Growth"},"content":{"rendered":"\n<p><em>Cet investissement soutient l\u2019acquisition par InsurePay d\u2019AcordPay, de ses solutions de paiement et de ses activit\u00e9s dans le domaine de l\u2019assurance en Am\u00e9rique du Nord<\/em><\/p>\n\n\n\n<p><strong>POUR DIFFUSION IMM\u00c9DIATE<br><br><\/strong><\/p>\n\n\n\n<p><strong>NASHVILLE, Tenn. \u2014<\/strong> <strong>Le 11 avril 2022 \u2014 <\/strong><a href=\"https:\/\/insurepay.com\/\">InsurePay<\/a>, une plateforme de facturation et de paiement de premier plan dans le domaine de l\u2019assurance IARD, a annonc\u00e9 aujourd\u2019hui qu\u2019elle avait obtenu un financement suppl\u00e9mentaire de s\u00e9rie&nbsp;B de la part d\u2019Aquiline Technology Growth, Fintop Capital et d\u2019autres entreprises. Cet investissement a financ\u00e9 l\u2019acquisition d\u2019AcordPay, une plateforme de paiement d\u2019assurance qui rationalise, automatise et rapproche les comptes d\u00e9biteurs et cr\u00e9diteurs ainsi que les commissions pour les courtiers, les assureurs, les AGA et les fournisseurs de technologie d\u2019assurance.<\/p>\n\n\n\n<p>Dans le cadre de cette acquisition, les \u00e9quipes actuelles d\u2019AcordPay et d\u2019InsurePay seront r\u00e9unies sous la marque InsurePay, dont la mission commune sera la prestation de services de paiements d\u2019assurance pr\u00e9cis, en temps opportun et ax\u00e9s sur les donn\u00e9es au march\u00e9 nord-am\u00e9ricain de l\u2019assurance. Les d\u00e9tails financiers de la transaction n\u2019ont pas \u00e9t\u00e9 divulgu\u00e9s.<\/p>\n\n\n\n<p>\u00ab&nbsp;L\u2019int\u00e9gration des m\u00e9thodes de paiement d\u2019AcordPay aux produits d\u2019InsurePay facilitera la gestion des fonds des assur\u00e9s, des courtiers et des soci\u00e9t\u00e9s d\u2019assurance tout au long du cycle de vie des polices d\u2019assurance&nbsp;\u00bb, a d\u00e9clar\u00e9 Adam Beck, chef de la direction d\u2019InsurePay. \u00ab&nbsp;Cette acquisition cr\u00e9e une offre de services plus large pour InsurePay et acc\u00e9l\u00e8re la p\u00e9n\u00e9tration d\u2019AcordPay sur le march\u00e9 am\u00e9ricain.&nbsp;\u00bb<\/p>\n\n\n\n<p>Gr\u00e2ce \u00e0 l\u2019acquisition d\u2019AcordPay, InsurePay offrira une gamme compl\u00e8te de solutions de paiement en assurance pour la perception des primes, le r\u00e8glement avec les march\u00e9s et la gestion des r\u00e9clamations et des remboursements. InsurePay disposera d\u00e9sormais d\u2019une gamme compl\u00e8te de produits de paiement qui alignent les paiements des primes d\u2019assurance sur le risque et cr\u00e9ent une exactitude en temps r\u00e9el, une automatisation, une r\u00e9duction des erreurs, une fid\u00e9lisation des assur\u00e9s et une r\u00e9duction des frictions et des co\u00fbts pour les soci\u00e9t\u00e9s d\u2019assurance et les courtiers, quelle que soit leur taille.<\/p>\n\n\n\n<p>\u00ab&nbsp;AcordPay dispose d\u2019un large \u00e9ventail de solutions d\u2019assurance \u00e0 proposer au march\u00e9 am\u00e9ricain sous la marque InsurePay&nbsp;\u00bb, a d\u00e9clar\u00e9 Mike Senechal, chef de la direction d\u2019AcordPay. \u00ab&nbsp;Les entreprises r\u00e9unies passent \u00e0 l\u2019action pour devenir la solution de facturation et de paiement de bout en bout pour le secteur de l\u2019assurance.&nbsp;\u00bb<\/p>\n\n\n\n<p><a>\u00ab&nbsp;L\u2019\u00e9quipe talentueuse d\u2019InsurePay a \u00e9labor\u00e9 une plateforme de solutions de facturation et de paiement de pointe au sein de l\u2019industrie, et ce financement suppl\u00e9mentaire permettra de soutenir l\u2019acquisition et le d\u00e9veloppement continu de la feuille de route des produits de l\u2019entreprise&nbsp;\u00bb, a d\u00e9clar\u00e9 Jeff Greenberg, pr\u00e9sident et chef de la direction d\u2019Aquiline Capital Partners. \u00ab&nbsp;Nous avons h\u00e2te de soutenir l\u2019innovation des solutions d\u2019InsurePay vers une gamme unifi\u00e9e de produits de paiements d\u2019assurance qui aura un impact sur les paiements et le traitement des paiements, les comptes cr\u00e9diteurs des assureurs, les comptes fournisseurs et le r\u00e8glement des r\u00e9clamations pour l\u2019ensemble du march\u00e9 de l\u2019assurance nord-am\u00e9ricain.&nbsp;\u00bb<\/a><\/p>\n\n\n\n<p><strong>\u00c0 propos d\u2019InsurePay<\/strong><\/p>\n\n\n\n<p>InsurePay<sup>MD<\/sup> est un fournisseur de services de facturation et de paiement Insuretech dont la solution permet aux soci\u00e9t\u00e9s d\u2019assurance d\u2019offrir de mani\u00e8re transparente une solution de facturation et de paiement par r\u00e9partition (<em>Pay-As-You-Go<\/em> ou <em>PayGo<\/em>) pour le march\u00e9 de l\u2019assurance IARD, y compris les soci\u00e9t\u00e9s d\u2019assurance en indemnisation des accident\u00e9s du travail et les assur\u00e9s, gr\u00e2ce \u00e0 laquelle les soci\u00e9t\u00e9s d\u2019assurance peuvent contr\u00f4ler les primes exactes de chaque assur\u00e9 pour chaque cycle de paie, le tout au moyen du portail s\u00e9curis\u00e9 et personnalis\u00e9 d\u2019InsurePay avec des connexions de donn\u00e9es directes aux principales entreprises de gestion de la paie. Aujourd\u2019hui, InsurePay traite plus de facturations <em>PayGo<\/em> en ligne que toute autre soci\u00e9t\u00e9 de services ind\u00e9pendante dans le monde. Pour en savoir plus, visitez le site <a href=\"http:\/\/www.insurepay.com\">www.insurepay.com<\/a> ou suivez la soci\u00e9t\u00e9 sur <a href=\"https:\/\/www.linkedin.com\/company\/insurepay\/\">LinkedIn<\/a>.<\/p>\n\n\n\n<p><strong>\u00c0 propos d\u2019Aquiline Technology Growth<\/strong><\/p>\n\n\n\n<p>Aquiline Technology Growth (ATG) cherche \u00e0 investir dans des entreprises technologiques en phase de d\u00e9marrage et de croissance qui commercialisent des innovations dans les \u00e9cosyst\u00e8mes de l\u2019assurance et des services financiers. ATG est g\u00e9r\u00e9e par Aquiline Capital Partners, une soci\u00e9t\u00e9 d\u2019investissement priv\u00e9e ayant des bureaux \u00e0 New York et \u00e0 Londres, qui investit dans des entreprises dans les secteurs des services financiers et de la technologie, des services aux entreprises et de la sant\u00e9. L\u2019\u00e9quipe d\u2019ATG poss\u00e8de une exp\u00e9rience dans le domaine des technologies et des services financiers et est soutenue par ses coll\u00e8gues d\u2019Aquiline, des partenaires strat\u00e9giques ainsi qu\u2019un groupe actif de conseillers ex\u00e9cutifs \u0153uvrant dans le secteur. Pour obtenir plus d\u2019informations sur ATG, visitez le site <a href=\"http:\/\/www.aquiline.com\">www.aquiline.com<\/a>.<\/p>\n\n\n\n<p><strong>Pour les demandes de renseignements des m\u00e9dias :<\/strong><\/p>\n\n\n\n<p>Rebekah Naramore<br><a href=\"mailto:rnaramore@insurepay.com\">rnaramore@insurepay.com<\/a><br>972.365.1991<\/p>\n","protected":false},"excerpt":{"rendered":"<p>Cet investissement soutient l\u2019acquisition par InsurePay d\u2019AcordPay, de ses solutions de paiement et de ses activit\u00e9s dans le domaine de l\u2019assurance en Am\u00e9rique du Nord POUR DIFFUSION IMM\u00c9DIATE NASHVILLE, Tenn. \u2014 Le 11 avril 2022 \u2014 InsurePay, une plateforme de facturation et de paiement de premier plan dans le domaine de l\u2019assurance IARD, a annonc\u00e9&#8230;<\/p>\n","protected":false},"author":4,"featured_media":0,"parent":0,"menu_order":0,"comment_status":"closed","ping_status":"closed","template":"content.php","meta":{"footnotes":""},"class_list":["post-1435","page","type-page","status-publish","hentry"],"yoast_head":"<!-- This site is optimized with the Yoast SEO plugin v26.9 - https:\/\/yoast.com\/product\/yoast-seo-wordpress\/ -->\n<title>InsurePay offre solution de facturation et de paiements d\u2019assurance de bout en bout gr\u00e2ce au dernier investissement de s\u00e9rie B men\u00e9 par Aquiline Technology Growth - ClearPay French<\/title>\n<meta name=\"robots\" content=\"index, follow, max-snippet:-1, max-image-preview:large, max-video-preview:-1\" \/>\n<link rel=\"canonical\" href=\"https:\/\/clearpaycanada.com\/fr\/insurepay-offre-solution-de-facturation-et-de-paiements-dassurance-de-bout-en-bout-grace-au-dernier-investissement-de-serie-b-mene-par-aquiline-technology-growth\/\" \/>\n<meta property=\"og:locale\" content=\"en_US\" \/>\n<meta property=\"og:type\" content=\"article\" \/>\n<meta property=\"og:title\" content=\"InsurePay offre solution de facturation et de paiements d\u2019assurance de bout en bout gr\u00e2ce au dernier investissement de s\u00e9rie B men\u00e9 par Aquiline Technology Growth - ClearPay French\" \/>\n<meta property=\"og:description\" content=\"Cet investissement soutient l\u2019acquisition par InsurePay d\u2019AcordPay, de ses solutions de paiement et de ses activit\u00e9s dans le domaine de l\u2019assurance en Am\u00e9rique du Nord POUR DIFFUSION IMM\u00c9DIATE NASHVILLE, Tenn. \u2014 Le 11 avril 2022 \u2014 InsurePay, une plateforme de facturation et de paiement de premier plan dans le domaine de l\u2019assurance IARD, a annonc\u00e9...\" \/>\n<meta property=\"og:url\" content=\"https:\/\/clearpaycanada.com\/fr\/insurepay-offre-solution-de-facturation-et-de-paiements-dassurance-de-bout-en-bout-grace-au-dernier-investissement-de-serie-b-mene-par-aquiline-technology-growth\/\" \/>\n<meta property=\"og:site_name\" content=\"ClearPay French\" \/>\n<meta property=\"article:modified_time\" content=\"2022-04-11T16:39:51+00:00\" \/>\n<meta name=\"twitter:label1\" content=\"Est. reading time\" \/>\n\t<meta name=\"twitter:data1\" content=\"4 minutes\" \/>\n<script type=\"application\/ld+json\" class=\"yoast-schema-graph\">{\"@context\":\"https:\/\/schema.org\",\"@graph\":[{\"@type\":\"WebPage\",\"@id\":\"https:\/\/clearpaycanada.com\/fr\/insurepay-offre-solution-de-facturation-et-de-paiements-dassurance-de-bout-en-bout-grace-au-dernier-investissement-de-serie-b-mene-par-aquiline-technology-growth\/\",\"url\":\"https:\/\/clearpaycanada.com\/fr\/insurepay-offre-solution-de-facturation-et-de-paiements-dassurance-de-bout-en-bout-grace-au-dernier-investissement-de-serie-b-mene-par-aquiline-technology-growth\/\",\"name\":\"InsurePay offre solution de facturation et de paiements d\u2019assurance de bout en bout gr\u00e2ce au dernier investissement de s\u00e9rie B men\u00e9 par Aquiline Technology Growth - ClearPay French\",\"isPartOf\":{\"@id\":\"https:\/\/clearpaycanada.com\/fr\/#website\"},\"datePublished\":\"2022-04-11T16:39:50+00:00\",\"dateModified\":\"2022-04-11T16:39:51+00:00\",\"breadcrumb\":{\"@id\":\"https:\/\/clearpaycanada.com\/fr\/insurepay-offre-solution-de-facturation-et-de-paiements-dassurance-de-bout-en-bout-grace-au-dernier-investissement-de-serie-b-mene-par-aquiline-technology-growth\/#breadcrumb\"},\"inLanguage\":\"en-US\",\"potentialAction\":[{\"@type\":\"ReadAction\",\"target\":[\"https:\/\/clearpaycanada.com\/fr\/insurepay-offre-solution-de-facturation-et-de-paiements-dassurance-de-bout-en-bout-grace-au-dernier-investissement-de-serie-b-mene-par-aquiline-technology-growth\/\"]}]},{\"@type\":\"BreadcrumbList\",\"@id\":\"https:\/\/clearpaycanada.com\/fr\/insurepay-offre-solution-de-facturation-et-de-paiements-dassurance-de-bout-en-bout-grace-au-dernier-investissement-de-serie-b-mene-par-aquiline-technology-growth\/#breadcrumb\",\"itemListElement\":[{\"@type\":\"ListItem\",\"position\":1,\"name\":\"Home\",\"item\":\"https:\/\/clearpaycanada.com\/fr\/\"},{\"@type\":\"ListItem\",\"position\":2,\"name\":\"InsurePay offre solution de facturation et de paiements d\u2019assurance de bout en bout gr\u00e2ce au dernier investissement de s\u00e9rie B men\u00e9 par Aquiline Technology Growth\"}]},{\"@type\":\"WebSite\",\"@id\":\"https:\/\/clearpaycanada.com\/fr\/#website\",\"url\":\"https:\/\/clearpaycanada.com\/fr\/\",\"name\":\"ClearPay French\",\"description\":\"Agency Authorized, Carrier Settled, Industry Trusted\",\"potentialAction\":[{\"@type\":\"SearchAction\",\"target\":{\"@type\":\"EntryPoint\",\"urlTemplate\":\"https:\/\/clearpaycanada.com\/fr\/?s={search_term_string}\"},\"query-input\":{\"@type\":\"PropertyValueSpecification\",\"valueRequired\":true,\"valueName\":\"search_term_string\"}}],\"inLanguage\":\"en-US\"}]}<\/script>\n<!-- \/ Yoast SEO plugin. -->","yoast_head_json":{"title":"InsurePay offre solution de facturation et de paiements d\u2019assurance de bout en bout gr\u00e2ce au dernier investissement de s\u00e9rie B men\u00e9 par Aquiline Technology Growth - ClearPay French","robots":{"index":"index","follow":"follow","max-snippet":"max-snippet:-1","max-image-preview":"max-image-preview:large","max-video-preview":"max-video-preview:-1"},"canonical":"https:\/\/clearpaycanada.com\/fr\/insurepay-offre-solution-de-facturation-et-de-paiements-dassurance-de-bout-en-bout-grace-au-dernier-investissement-de-serie-b-mene-par-aquiline-technology-growth\/","og_locale":"en_US","og_type":"article","og_title":"InsurePay offre solution de facturation et de paiements d\u2019assurance de bout en bout gr\u00e2ce au dernier investissement de s\u00e9rie B men\u00e9 par Aquiline Technology Growth - ClearPay French","og_description":"Cet investissement soutient l\u2019acquisition par InsurePay d\u2019AcordPay, de ses solutions de paiement et de ses activit\u00e9s dans le domaine de l\u2019assurance en Am\u00e9rique du Nord POUR DIFFUSION IMM\u00c9DIATE NASHVILLE, Tenn. \u2014 Le 11 avril 2022 \u2014 InsurePay, une plateforme de facturation et de paiement de premier plan dans le domaine de l\u2019assurance IARD, a annonc\u00e9...","og_url":"https:\/\/clearpaycanada.com\/fr\/insurepay-offre-solution-de-facturation-et-de-paiements-dassurance-de-bout-en-bout-grace-au-dernier-investissement-de-serie-b-mene-par-aquiline-technology-growth\/","og_site_name":"ClearPay French","article_modified_time":"2022-04-11T16:39:51+00:00","twitter_misc":{"Est. reading time":"4 minutes"},"schema":{"@context":"https:\/\/schema.org","@graph":[{"@type":"WebPage","@id":"https:\/\/clearpaycanada.com\/fr\/insurepay-offre-solution-de-facturation-et-de-paiements-dassurance-de-bout-en-bout-grace-au-dernier-investissement-de-serie-b-mene-par-aquiline-technology-growth\/","url":"https:\/\/clearpaycanada.com\/fr\/insurepay-offre-solution-de-facturation-et-de-paiements-dassurance-de-bout-en-bout-grace-au-dernier-investissement-de-serie-b-mene-par-aquiline-technology-growth\/","name":"InsurePay offre solution de facturation et de paiements d\u2019assurance de bout en bout gr\u00e2ce au dernier investissement de s\u00e9rie B men\u00e9 par Aquiline Technology Growth - ClearPay French","isPartOf":{"@id":"https:\/\/clearpaycanada.com\/fr\/#website"},"datePublished":"2022-04-11T16:39:50+00:00","dateModified":"2022-04-11T16:39:51+00:00","breadcrumb":{"@id":"https:\/\/clearpaycanada.com\/fr\/insurepay-offre-solution-de-facturation-et-de-paiements-dassurance-de-bout-en-bout-grace-au-dernier-investissement-de-serie-b-mene-par-aquiline-technology-growth\/#breadcrumb"},"inLanguage":"en-US","potentialAction":[{"@type":"ReadAction","target":["https:\/\/clearpaycanada.com\/fr\/insurepay-offre-solution-de-facturation-et-de-paiements-dassurance-de-bout-en-bout-grace-au-dernier-investissement-de-serie-b-mene-par-aquiline-technology-growth\/"]}]},{"@type":"BreadcrumbList","@id":"https:\/\/clearpaycanada.com\/fr\/insurepay-offre-solution-de-facturation-et-de-paiements-dassurance-de-bout-en-bout-grace-au-dernier-investissement-de-serie-b-mene-par-aquiline-technology-growth\/#breadcrumb","itemListElement":[{"@type":"ListItem","position":1,"name":"Home","item":"https:\/\/clearpaycanada.com\/fr\/"},{"@type":"ListItem","position":2,"name":"InsurePay offre solution de facturation et de paiements d\u2019assurance de bout en bout gr\u00e2ce au dernier investissement de s\u00e9rie B men\u00e9 par Aquiline Technology Growth"}]},{"@type":"WebSite","@id":"https:\/\/clearpaycanada.com\/fr\/#website","url":"https:\/\/clearpaycanada.com\/fr\/","name":"ClearPay French","description":"Agency Authorized, Carrier Settled, Industry Trusted","potentialAction":[{"@type":"SearchAction","target":{"@type":"EntryPoint","urlTemplate":"https:\/\/clearpaycanada.com\/fr\/?s={search_term_string}"},"query-input":{"@type":"PropertyValueSpecification","valueRequired":true,"valueName":"search_term_string"}}],"inLanguage":"en-US"}]}},"_links":{"self":[{"href":"https:\/\/clearpaycanada.com\/fr\/wp-json\/wp\/v2\/pages\/1435","targetHints":{"allow":["GET"]}}],"collection":[{"href":"https:\/\/clearpaycanada.com\/fr\/wp-json\/wp\/v2\/pages"}],"about":[{"href":"https:\/\/clearpaycanada.com\/fr\/wp-json\/wp\/v2\/types\/page"}],"author":[{"embeddable":true,"href":"https:\/\/clearpaycanada.com\/fr\/wp-json\/wp\/v2\/users\/4"}],"replies":[{"embeddable":true,"href":"https:\/\/clearpaycanada.com\/fr\/wp-json\/wp\/v2\/comments?post=1435"}],"version-history":[{"count":1,"href":"https:\/\/clearpaycanada.com\/fr\/wp-json\/wp\/v2\/pages\/1435\/revisions"}],"predecessor-version":[{"id":1436,"href":"https:\/\/clearpaycanada.com\/fr\/wp-json\/wp\/v2\/pages\/1435\/revisions\/1436"}],"wp:attachment":[{"href":"https:\/\/clearpaycanada.com\/fr\/wp-json\/wp\/v2\/media?parent=1435"}],"curies":[{"name":"wp","href":"https:\/\/api.w.org\/{rel}","templated":true}]}}