{"id":86,"date":"2014-12-10T14:41:02","date_gmt":"2014-12-10T19:41:02","guid":{"rendered":"http:\/\/clearpaycanada.com\/mogenda\/?page_id=86"},"modified":"2018-02-01T11:05:07","modified_gmt":"2018-02-01T16:05:07","slug":"agency","status":"publish","type":"page","link":"https:\/\/clearpaycanada.com\/fr\/our-solution\/agency\/","title":{"rendered":"Le papier deviendra inutile."},"content":{"rendered":"<h2>Payez vos soci\u00e9t\u00e9s d&#8217;assurance par voie \u00e9lectronique<\/h2>\n<p>Envoyez les donn\u00e9es de paiement et de rapprochement directement \u00e0 vos soci\u00e9t\u00e9s d\u2019assurances sans quitter votre SGC.  ClearPay est con\u00e7u sp\u00e9cifiquement pour l&#8217;industrie de l&#8217;assurance dans un milieu ferm\u00e9 pour transf\u00e9rer des fonds et l&#8217;information sur le r\u00e8glement.<\/p>\n<p>Le service permet \u00e0 vos courtiers de s\u00e9curiser le b\u00e9n\u00e9ficiaire, le montant, la date et les paiements approuv\u00e9s \u00e9lectroniquement \u00e0 vos soci\u00e9t\u00e9s d\u2019assurance. ClearPay s&#8217;occupe du transfert des fonds du compte bancaire d\u00e9sign\u00e9 par les courtiers \u00e0 la soci\u00e9t\u00e9 d\u2019assurance ou AGA pour les paiements mensuels ou ponctuels.<\/p>\n<hr \/>\n<p>ClearPay est la solution virtuelle pour vos transactions qui offre une mise en \u0153uvre et une int\u00e9gration harmonieuse pour la plupart des SGC. Les courtiers amorcent les paiements \u00e0 partir de leur SGC en transf\u00e9rant les fonds et les donn\u00e9es de rapprochement directement aux soci\u00e9t\u00e9s d&#8217;assurance, dans un milieu ferm\u00e9 et s\u00e9curis\u00e9. ClearPay a recours \u00e0 des normes de s\u00e9curit\u00e9 bancaires et de cryptage pour transf\u00e9rer en toute s\u00e9curit\u00e9 les fonds et les donn\u00e9es.<\/p>\n<p>\u00c9conomie de temps, d\u2019argent, et s\u00e9curit\u00e9 accrue pour les courtiers.  ClearPay \u00e9limine la fraude par ch\u00e8que et am\u00e9liore l&#8217;efficacit\u00e9 op\u00e9rationnelle, tout en r\u00e9duisant les d\u00e9lais de r\u00e8glement. Les co\u00fbts mat\u00e9riels et accessoires associ\u00e9s aux ch\u00e8ques sont souvent m\u00e9connus. Jugez-en par vous-m\u00eame et comparez ClearPay \u00e0 votre proc\u00e9d\u00e9 et \u00e0 vos co\u00fbts actuels.<\/p>\n","protected":false},"excerpt":{"rendered":"<p>Payez vos soci\u00e9t\u00e9s d&#8217;assurance par voie \u00e9lectronique Envoyez les donn\u00e9es de paiement et de rapprochement directement \u00e0 vos soci\u00e9t\u00e9s d\u2019assurances sans quitter votre SGC. ClearPay est con\u00e7u sp\u00e9cifiquement pour l&#8217;industrie de l&#8217;assurance dans un milieu ferm\u00e9 pour transf\u00e9rer des fonds et l&#8217;information sur le r\u00e8glement. Le service permet \u00e0 vos courtiers de s\u00e9curiser le b\u00e9n\u00e9ficiaire,&#8230;<\/p>\n","protected":false},"author":2,"featured_media":370,"parent":84,"menu_order":0,"comment_status":"closed","ping_status":"closed","template":"","meta":{"footnotes":""},"class_list":["post-86","page","type-page","status-publish","has-post-thumbnail","hentry"],"yoast_head":"<!-- This site is optimized with the Yoast SEO plugin v26.9 - https:\/\/yoast.com\/product\/yoast-seo-wordpress\/ -->\n<title>Le papier deviendra inutile. - ClearPay French<\/title>\n<meta name=\"robots\" content=\"index, follow, max-snippet:-1, max-image-preview:large, max-video-preview:-1\" \/>\n<link rel=\"canonical\" href=\"https:\/\/clearpaycanada.com\/fr\/our-solution\/agency\/\" \/>\n<meta property=\"og:locale\" content=\"en_US\" \/>\n<meta property=\"og:type\" content=\"article\" \/>\n<meta property=\"og:title\" content=\"Le papier deviendra inutile. - ClearPay French\" \/>\n<meta property=\"og:description\" content=\"Payez vos soci\u00e9t\u00e9s d&#8217;assurance par voie \u00e9lectronique Envoyez les donn\u00e9es de paiement et de rapprochement directement \u00e0 vos soci\u00e9t\u00e9s d\u2019assurances sans quitter votre SGC. ClearPay est con\u00e7u sp\u00e9cifiquement pour l&#8217;industrie de l&#8217;assurance dans un milieu ferm\u00e9 pour transf\u00e9rer des fonds et l&#8217;information sur le r\u00e8glement. Le service permet \u00e0 vos courtiers de s\u00e9curiser le b\u00e9n\u00e9ficiaire,...\" \/>\n<meta property=\"og:url\" content=\"https:\/\/clearpaycanada.com\/fr\/our-solution\/agency\/\" \/>\n<meta property=\"og:site_name\" content=\"ClearPay French\" \/>\n<meta property=\"article:modified_time\" content=\"2018-02-01T16:05:07+00:00\" \/>\n<meta property=\"og:image\" content=\"https:\/\/clearpaycanada.com\/fr\/wp-content\/uploads\/2014\/12\/Header_paper.jpg\" \/>\n\t<meta property=\"og:image:width\" content=\"1280\" \/>\n\t<meta property=\"og:image:height\" content=\"700\" \/>\n\t<meta property=\"og:image:type\" content=\"image\/jpeg\" \/>\n<meta name=\"twitter:label1\" content=\"Est. reading time\" \/>\n\t<meta name=\"twitter:data1\" content=\"1 minute\" \/>\n<script type=\"application\/ld+json\" class=\"yoast-schema-graph\">{\"@context\":\"https:\/\/schema.org\",\"@graph\":[{\"@type\":\"WebPage\",\"@id\":\"https:\/\/clearpaycanada.com\/fr\/our-solution\/agency\/\",\"url\":\"https:\/\/clearpaycanada.com\/fr\/our-solution\/agency\/\",\"name\":\"Le papier deviendra inutile. - ClearPay French\",\"isPartOf\":{\"@id\":\"https:\/\/clearpaycanada.com\/fr\/#website\"},\"primaryImageOfPage\":{\"@id\":\"https:\/\/clearpaycanada.com\/fr\/our-solution\/agency\/#primaryimage\"},\"image\":{\"@id\":\"https:\/\/clearpaycanada.com\/fr\/our-solution\/agency\/#primaryimage\"},\"thumbnailUrl\":\"https:\/\/clearpaycanada.com\/fr\/wp-content\/uploads\/2014\/12\/Header_paper.jpg\",\"datePublished\":\"2014-12-10T19:41:02+00:00\",\"dateModified\":\"2018-02-01T16:05:07+00:00\",\"breadcrumb\":{\"@id\":\"https:\/\/clearpaycanada.com\/fr\/our-solution\/agency\/#breadcrumb\"},\"inLanguage\":\"en-US\",\"potentialAction\":[{\"@type\":\"ReadAction\",\"target\":[\"https:\/\/clearpaycanada.com\/fr\/our-solution\/agency\/\"]}]},{\"@type\":\"ImageObject\",\"inLanguage\":\"en-US\",\"@id\":\"https:\/\/clearpaycanada.com\/fr\/our-solution\/agency\/#primaryimage\",\"url\":\"https:\/\/clearpaycanada.com\/fr\/wp-content\/uploads\/2014\/12\/Header_paper.jpg\",\"contentUrl\":\"https:\/\/clearpaycanada.com\/fr\/wp-content\/uploads\/2014\/12\/Header_paper.jpg\",\"width\":1280,\"height\":700,\"caption\":\"You'll need to find a new use for paper\"},{\"@type\":\"BreadcrumbList\",\"@id\":\"https:\/\/clearpaycanada.com\/fr\/our-solution\/agency\/#breadcrumb\",\"itemListElement\":[{\"@type\":\"ListItem\",\"position\":1,\"name\":\"Home\",\"item\":\"https:\/\/clearpaycanada.com\/fr\/\"},{\"@type\":\"ListItem\",\"position\":2,\"name\":\"Our Solution\",\"item\":\"https:\/\/clearpaycanada.com\/fr\/our-solution\/\"},{\"@type\":\"ListItem\",\"position\":3,\"name\":\"Le papier deviendra inutile.\"}]},{\"@type\":\"WebSite\",\"@id\":\"https:\/\/clearpaycanada.com\/fr\/#website\",\"url\":\"https:\/\/clearpaycanada.com\/fr\/\",\"name\":\"ClearPay French\",\"description\":\"Agency Authorized, Carrier Settled, Industry Trusted\",\"potentialAction\":[{\"@type\":\"SearchAction\",\"target\":{\"@type\":\"EntryPoint\",\"urlTemplate\":\"https:\/\/clearpaycanada.com\/fr\/?s={search_term_string}\"},\"query-input\":{\"@type\":\"PropertyValueSpecification\",\"valueRequired\":true,\"valueName\":\"search_term_string\"}}],\"inLanguage\":\"en-US\"}]}<\/script>\n<!-- \/ Yoast SEO plugin. -->","yoast_head_json":{"title":"Le papier deviendra inutile. - ClearPay French","robots":{"index":"index","follow":"follow","max-snippet":"max-snippet:-1","max-image-preview":"max-image-preview:large","max-video-preview":"max-video-preview:-1"},"canonical":"https:\/\/clearpaycanada.com\/fr\/our-solution\/agency\/","og_locale":"en_US","og_type":"article","og_title":"Le papier deviendra inutile. - ClearPay French","og_description":"Payez vos soci\u00e9t\u00e9s d&#8217;assurance par voie \u00e9lectronique Envoyez les donn\u00e9es de paiement et de rapprochement directement \u00e0 vos soci\u00e9t\u00e9s d\u2019assurances sans quitter votre SGC. ClearPay est con\u00e7u sp\u00e9cifiquement pour l&#8217;industrie de l&#8217;assurance dans un milieu ferm\u00e9 pour transf\u00e9rer des fonds et l&#8217;information sur le r\u00e8glement. Le service permet \u00e0 vos courtiers de s\u00e9curiser le b\u00e9n\u00e9ficiaire,...","og_url":"https:\/\/clearpaycanada.com\/fr\/our-solution\/agency\/","og_site_name":"ClearPay French","article_modified_time":"2018-02-01T16:05:07+00:00","og_image":[{"width":1280,"height":700,"url":"https:\/\/clearpaycanada.com\/fr\/wp-content\/uploads\/2014\/12\/Header_paper.jpg","type":"image\/jpeg"}],"twitter_misc":{"Est. reading time":"1 minute"},"schema":{"@context":"https:\/\/schema.org","@graph":[{"@type":"WebPage","@id":"https:\/\/clearpaycanada.com\/fr\/our-solution\/agency\/","url":"https:\/\/clearpaycanada.com\/fr\/our-solution\/agency\/","name":"Le papier deviendra inutile. - ClearPay French","isPartOf":{"@id":"https:\/\/clearpaycanada.com\/fr\/#website"},"primaryImageOfPage":{"@id":"https:\/\/clearpaycanada.com\/fr\/our-solution\/agency\/#primaryimage"},"image":{"@id":"https:\/\/clearpaycanada.com\/fr\/our-solution\/agency\/#primaryimage"},"thumbnailUrl":"https:\/\/clearpaycanada.com\/fr\/wp-content\/uploads\/2014\/12\/Header_paper.jpg","datePublished":"2014-12-10T19:41:02+00:00","dateModified":"2018-02-01T16:05:07+00:00","breadcrumb":{"@id":"https:\/\/clearpaycanada.com\/fr\/our-solution\/agency\/#breadcrumb"},"inLanguage":"en-US","potentialAction":[{"@type":"ReadAction","target":["https:\/\/clearpaycanada.com\/fr\/our-solution\/agency\/"]}]},{"@type":"ImageObject","inLanguage":"en-US","@id":"https:\/\/clearpaycanada.com\/fr\/our-solution\/agency\/#primaryimage","url":"https:\/\/clearpaycanada.com\/fr\/wp-content\/uploads\/2014\/12\/Header_paper.jpg","contentUrl":"https:\/\/clearpaycanada.com\/fr\/wp-content\/uploads\/2014\/12\/Header_paper.jpg","width":1280,"height":700,"caption":"You'll need to find a new use for paper"},{"@type":"BreadcrumbList","@id":"https:\/\/clearpaycanada.com\/fr\/our-solution\/agency\/#breadcrumb","itemListElement":[{"@type":"ListItem","position":1,"name":"Home","item":"https:\/\/clearpaycanada.com\/fr\/"},{"@type":"ListItem","position":2,"name":"Our Solution","item":"https:\/\/clearpaycanada.com\/fr\/our-solution\/"},{"@type":"ListItem","position":3,"name":"Le papier deviendra inutile."}]},{"@type":"WebSite","@id":"https:\/\/clearpaycanada.com\/fr\/#website","url":"https:\/\/clearpaycanada.com\/fr\/","name":"ClearPay French","description":"Agency Authorized, Carrier Settled, Industry Trusted","potentialAction":[{"@type":"SearchAction","target":{"@type":"EntryPoint","urlTemplate":"https:\/\/clearpaycanada.com\/fr\/?s={search_term_string}"},"query-input":{"@type":"PropertyValueSpecification","valueRequired":true,"valueName":"search_term_string"}}],"inLanguage":"en-US"}]}},"_links":{"self":[{"href":"https:\/\/clearpaycanada.com\/fr\/wp-json\/wp\/v2\/pages\/86","targetHints":{"allow":["GET"]}}],"collection":[{"href":"https:\/\/clearpaycanada.com\/fr\/wp-json\/wp\/v2\/pages"}],"about":[{"href":"https:\/\/clearpaycanada.com\/fr\/wp-json\/wp\/v2\/types\/page"}],"author":[{"embeddable":true,"href":"https:\/\/clearpaycanada.com\/fr\/wp-json\/wp\/v2\/users\/2"}],"replies":[{"embeddable":true,"href":"https:\/\/clearpaycanada.com\/fr\/wp-json\/wp\/v2\/comments?post=86"}],"version-history":[{"count":103,"href":"https:\/\/clearpaycanada.com\/fr\/wp-json\/wp\/v2\/pages\/86\/revisions"}],"predecessor-version":[{"id":1391,"href":"https:\/\/clearpaycanada.com\/fr\/wp-json\/wp\/v2\/pages\/86\/revisions\/1391"}],"up":[{"embeddable":true,"href":"https:\/\/clearpaycanada.com\/fr\/wp-json\/wp\/v2\/pages\/84"}],"wp:featuredmedia":[{"embeddable":true,"href":"https:\/\/clearpaycanada.com\/fr\/wp-json\/wp\/v2\/media\/370"}],"wp:attachment":[{"href":"https:\/\/clearpaycanada.com\/fr\/wp-json\/wp\/v2\/media?parent=86"}],"curies":[{"name":"wp","href":"https:\/\/api.w.org\/{rel}","templated":true}]}}