{"id":88,"date":"2014-12-10T14:41:20","date_gmt":"2014-12-10T19:41:20","guid":{"rendered":"http:\/\/clearpaycanada.com\/mogenda\/?page_id=88"},"modified":"2018-02-01T11:07:21","modified_gmt":"2018-02-01T16:07:21","slug":"carrier","status":"publish","type":"page","link":"https:\/\/clearpaycanada.com\/fr\/our-solution\/carrier\/","title":{"rendered":"Un seul proc\u00e9d\u00e9. <br>Une seule fa\u00e7on."},"content":{"rendered":"<h2>Recevez \u00e9lectroniquement les paiements des courtiers<\/h2>\n<p>Recevez le paiement des primes et les donn\u00e9es de rapprochement correspondantes directement de vos courtiers. ClearPay est sp\u00e9cifiquement con\u00e7u pour l&#8217;industrie de l\u2019assurance comme un milieu ferm\u00e9 pour transf\u00e9rer \u00e0 la fois des fonds et des informations sur les r\u00e8glements. Le service permet aux courtiers de d\u00e9terminer le montant \u00e0 verser, la date, et d\u2019approuver les paiements \u00e9lectroniques aux soci\u00e9t\u00e9s d&#8217;assurance. ClearPay transf\u00e8re les fonds du compte bancaire d\u00e9sign\u00e9 par les courtiers \u00e0 la soci\u00e9t\u00e9 d\u2019assurance, tant pour les comptes mensuels \u00e0 recevoir que les paiements ponctuels. La plateforme ClearPay compile et fournit toutes les donn\u00e9es de rapprochement n\u00e9cessaires dans un format normalis\u00e9.<\/p>\n<hr \/>\n<p>ClearPay est une solution transactionnelle virtuelle qui ne requiert AUCUNE mise en \u0153uvre informatique. Les courtiers amorcent les paiements \u00e0 partir de leurs SGC, afin de transf\u00e9rer directement des fonds et des donn\u00e9es sur la police aux soci\u00e9t\u00e9s d\u2019assurance, dans un milieu ferm\u00e9 et s\u00e9curis\u00e9. ClearPay a recours \u00e0 des normes de s\u00e9curit\u00e9 bancaires et de cryptage pour transf\u00e9rer les fonds et les donn\u00e9es en toute s\u00e9curit\u00e9.<\/p>\n<p>\u00c9conomie de temps, d\u2019argent et s\u00e9curit\u00e9 accrue pour les soci\u00e9t\u00e9s d&#8217;assurance.  ClearPay \u00e9limine la fraude par ch\u00e8que, renforce l&#8217;efficacit\u00e9 op\u00e9rationnelle et am\u00e9liore la perception des comptes clients. Les co\u00fbts mat\u00e9riels et accessoires associ\u00e9s aux ch\u00e8ques sont souvent m\u00e9connus. Jugez-en par vous-m\u00eame et comparez ClearPay \u00e0 votre proc\u00e9d\u00e9 et \u00e0 vos co\u00fbts actuels.<\/p>\n","protected":false},"excerpt":{"rendered":"<p>Recevez \u00e9lectroniquement les paiements des courtiers Recevez le paiement des primes et les donn\u00e9es de rapprochement correspondantes directement de vos courtiers. ClearPay est sp\u00e9cifiquement con\u00e7u pour l&#8217;industrie de l\u2019assurance comme un milieu ferm\u00e9 pour transf\u00e9rer \u00e0 la fois des fonds et des informations sur les r\u00e8glements. Le service permet aux courtiers de d\u00e9terminer le montant&#8230;<\/p>\n","protected":false},"author":2,"featured_media":370,"parent":84,"menu_order":0,"comment_status":"closed","ping_status":"closed","template":"","meta":{"footnotes":""},"class_list":["post-88","page","type-page","status-publish","has-post-thumbnail","hentry"],"yoast_head":"<!-- This site is optimized with the Yoast SEO plugin v26.9 - https:\/\/yoast.com\/product\/yoast-seo-wordpress\/ -->\n<title>Un seul proc\u00e9d\u00e9. Une seule fa\u00e7on. - ClearPay French<\/title>\n<meta name=\"robots\" content=\"index, follow, max-snippet:-1, max-image-preview:large, max-video-preview:-1\" \/>\n<link rel=\"canonical\" href=\"https:\/\/clearpaycanada.com\/fr\/our-solution\/carrier\/\" \/>\n<meta property=\"og:locale\" content=\"en_US\" \/>\n<meta property=\"og:type\" content=\"article\" \/>\n<meta property=\"og:title\" content=\"Un seul proc\u00e9d\u00e9. Une seule fa\u00e7on. - ClearPay French\" \/>\n<meta property=\"og:description\" content=\"Recevez \u00e9lectroniquement les paiements des courtiers Recevez le paiement des primes et les donn\u00e9es de rapprochement correspondantes directement de vos courtiers. ClearPay est sp\u00e9cifiquement con\u00e7u pour l&#8217;industrie de l\u2019assurance comme un milieu ferm\u00e9 pour transf\u00e9rer \u00e0 la fois des fonds et des informations sur les r\u00e8glements. Le service permet aux courtiers de d\u00e9terminer le montant...\" \/>\n<meta property=\"og:url\" content=\"https:\/\/clearpaycanada.com\/fr\/our-solution\/carrier\/\" \/>\n<meta property=\"og:site_name\" content=\"ClearPay French\" \/>\n<meta property=\"article:modified_time\" content=\"2018-02-01T16:07:21+00:00\" \/>\n<meta property=\"og:image\" content=\"https:\/\/clearpaycanada.com\/fr\/wp-content\/uploads\/2014\/12\/Header_paper.jpg\" \/>\n\t<meta property=\"og:image:width\" content=\"1280\" \/>\n\t<meta property=\"og:image:height\" content=\"700\" \/>\n\t<meta property=\"og:image:type\" content=\"image\/jpeg\" \/>\n<meta name=\"twitter:label1\" content=\"Est. reading time\" \/>\n\t<meta name=\"twitter:data1\" content=\"1 minute\" \/>\n<script type=\"application\/ld+json\" class=\"yoast-schema-graph\">{\"@context\":\"https:\/\/schema.org\",\"@graph\":[{\"@type\":\"WebPage\",\"@id\":\"https:\/\/clearpaycanada.com\/fr\/our-solution\/carrier\/\",\"url\":\"https:\/\/clearpaycanada.com\/fr\/our-solution\/carrier\/\",\"name\":\"Un seul proc\u00e9d\u00e9. Une seule fa\u00e7on. - ClearPay French\",\"isPartOf\":{\"@id\":\"https:\/\/clearpaycanada.com\/fr\/#website\"},\"primaryImageOfPage\":{\"@id\":\"https:\/\/clearpaycanada.com\/fr\/our-solution\/carrier\/#primaryimage\"},\"image\":{\"@id\":\"https:\/\/clearpaycanada.com\/fr\/our-solution\/carrier\/#primaryimage\"},\"thumbnailUrl\":\"https:\/\/clearpaycanada.com\/fr\/wp-content\/uploads\/2014\/12\/Header_paper.jpg\",\"datePublished\":\"2014-12-10T19:41:20+00:00\",\"dateModified\":\"2018-02-01T16:07:21+00:00\",\"breadcrumb\":{\"@id\":\"https:\/\/clearpaycanada.com\/fr\/our-solution\/carrier\/#breadcrumb\"},\"inLanguage\":\"en-US\",\"potentialAction\":[{\"@type\":\"ReadAction\",\"target\":[\"https:\/\/clearpaycanada.com\/fr\/our-solution\/carrier\/\"]}]},{\"@type\":\"ImageObject\",\"inLanguage\":\"en-US\",\"@id\":\"https:\/\/clearpaycanada.com\/fr\/our-solution\/carrier\/#primaryimage\",\"url\":\"https:\/\/clearpaycanada.com\/fr\/wp-content\/uploads\/2014\/12\/Header_paper.jpg\",\"contentUrl\":\"https:\/\/clearpaycanada.com\/fr\/wp-content\/uploads\/2014\/12\/Header_paper.jpg\",\"width\":1280,\"height\":700,\"caption\":\"You'll need to find a new use for paper\"},{\"@type\":\"BreadcrumbList\",\"@id\":\"https:\/\/clearpaycanada.com\/fr\/our-solution\/carrier\/#breadcrumb\",\"itemListElement\":[{\"@type\":\"ListItem\",\"position\":1,\"name\":\"Home\",\"item\":\"https:\/\/clearpaycanada.com\/fr\/\"},{\"@type\":\"ListItem\",\"position\":2,\"name\":\"Our Solution\",\"item\":\"https:\/\/clearpaycanada.com\/fr\/our-solution\/\"},{\"@type\":\"ListItem\",\"position\":3,\"name\":\"Un seul proc\u00e9d\u00e9. Une seule fa\u00e7on.\"}]},{\"@type\":\"WebSite\",\"@id\":\"https:\/\/clearpaycanada.com\/fr\/#website\",\"url\":\"https:\/\/clearpaycanada.com\/fr\/\",\"name\":\"ClearPay French\",\"description\":\"Agency Authorized, Carrier Settled, Industry Trusted\",\"potentialAction\":[{\"@type\":\"SearchAction\",\"target\":{\"@type\":\"EntryPoint\",\"urlTemplate\":\"https:\/\/clearpaycanada.com\/fr\/?s={search_term_string}\"},\"query-input\":{\"@type\":\"PropertyValueSpecification\",\"valueRequired\":true,\"valueName\":\"search_term_string\"}}],\"inLanguage\":\"en-US\"}]}<\/script>\n<!-- \/ Yoast SEO plugin. -->","yoast_head_json":{"title":"Un seul proc\u00e9d\u00e9. Une seule fa\u00e7on. - ClearPay French","robots":{"index":"index","follow":"follow","max-snippet":"max-snippet:-1","max-image-preview":"max-image-preview:large","max-video-preview":"max-video-preview:-1"},"canonical":"https:\/\/clearpaycanada.com\/fr\/our-solution\/carrier\/","og_locale":"en_US","og_type":"article","og_title":"Un seul proc\u00e9d\u00e9. Une seule fa\u00e7on. - ClearPay French","og_description":"Recevez \u00e9lectroniquement les paiements des courtiers Recevez le paiement des primes et les donn\u00e9es de rapprochement correspondantes directement de vos courtiers. ClearPay est sp\u00e9cifiquement con\u00e7u pour l&#8217;industrie de l\u2019assurance comme un milieu ferm\u00e9 pour transf\u00e9rer \u00e0 la fois des fonds et des informations sur les r\u00e8glements. Le service permet aux courtiers de d\u00e9terminer le montant...","og_url":"https:\/\/clearpaycanada.com\/fr\/our-solution\/carrier\/","og_site_name":"ClearPay French","article_modified_time":"2018-02-01T16:07:21+00:00","og_image":[{"width":1280,"height":700,"url":"https:\/\/clearpaycanada.com\/fr\/wp-content\/uploads\/2014\/12\/Header_paper.jpg","type":"image\/jpeg"}],"twitter_misc":{"Est. reading time":"1 minute"},"schema":{"@context":"https:\/\/schema.org","@graph":[{"@type":"WebPage","@id":"https:\/\/clearpaycanada.com\/fr\/our-solution\/carrier\/","url":"https:\/\/clearpaycanada.com\/fr\/our-solution\/carrier\/","name":"Un seul proc\u00e9d\u00e9. Une seule fa\u00e7on. - ClearPay French","isPartOf":{"@id":"https:\/\/clearpaycanada.com\/fr\/#website"},"primaryImageOfPage":{"@id":"https:\/\/clearpaycanada.com\/fr\/our-solution\/carrier\/#primaryimage"},"image":{"@id":"https:\/\/clearpaycanada.com\/fr\/our-solution\/carrier\/#primaryimage"},"thumbnailUrl":"https:\/\/clearpaycanada.com\/fr\/wp-content\/uploads\/2014\/12\/Header_paper.jpg","datePublished":"2014-12-10T19:41:20+00:00","dateModified":"2018-02-01T16:07:21+00:00","breadcrumb":{"@id":"https:\/\/clearpaycanada.com\/fr\/our-solution\/carrier\/#breadcrumb"},"inLanguage":"en-US","potentialAction":[{"@type":"ReadAction","target":["https:\/\/clearpaycanada.com\/fr\/our-solution\/carrier\/"]}]},{"@type":"ImageObject","inLanguage":"en-US","@id":"https:\/\/clearpaycanada.com\/fr\/our-solution\/carrier\/#primaryimage","url":"https:\/\/clearpaycanada.com\/fr\/wp-content\/uploads\/2014\/12\/Header_paper.jpg","contentUrl":"https:\/\/clearpaycanada.com\/fr\/wp-content\/uploads\/2014\/12\/Header_paper.jpg","width":1280,"height":700,"caption":"You'll need to find a new use for paper"},{"@type":"BreadcrumbList","@id":"https:\/\/clearpaycanada.com\/fr\/our-solution\/carrier\/#breadcrumb","itemListElement":[{"@type":"ListItem","position":1,"name":"Home","item":"https:\/\/clearpaycanada.com\/fr\/"},{"@type":"ListItem","position":2,"name":"Our Solution","item":"https:\/\/clearpaycanada.com\/fr\/our-solution\/"},{"@type":"ListItem","position":3,"name":"Un seul proc\u00e9d\u00e9. Une seule fa\u00e7on."}]},{"@type":"WebSite","@id":"https:\/\/clearpaycanada.com\/fr\/#website","url":"https:\/\/clearpaycanada.com\/fr\/","name":"ClearPay French","description":"Agency Authorized, Carrier Settled, Industry Trusted","potentialAction":[{"@type":"SearchAction","target":{"@type":"EntryPoint","urlTemplate":"https:\/\/clearpaycanada.com\/fr\/?s={search_term_string}"},"query-input":{"@type":"PropertyValueSpecification","valueRequired":true,"valueName":"search_term_string"}}],"inLanguage":"en-US"}]}},"_links":{"self":[{"href":"https:\/\/clearpaycanada.com\/fr\/wp-json\/wp\/v2\/pages\/88","targetHints":{"allow":["GET"]}}],"collection":[{"href":"https:\/\/clearpaycanada.com\/fr\/wp-json\/wp\/v2\/pages"}],"about":[{"href":"https:\/\/clearpaycanada.com\/fr\/wp-json\/wp\/v2\/types\/page"}],"author":[{"embeddable":true,"href":"https:\/\/clearpaycanada.com\/fr\/wp-json\/wp\/v2\/users\/2"}],"replies":[{"embeddable":true,"href":"https:\/\/clearpaycanada.com\/fr\/wp-json\/wp\/v2\/comments?post=88"}],"version-history":[{"count":57,"href":"https:\/\/clearpaycanada.com\/fr\/wp-json\/wp\/v2\/pages\/88\/revisions"}],"predecessor-version":[{"id":1392,"href":"https:\/\/clearpaycanada.com\/fr\/wp-json\/wp\/v2\/pages\/88\/revisions\/1392"}],"up":[{"embeddable":true,"href":"https:\/\/clearpaycanada.com\/fr\/wp-json\/wp\/v2\/pages\/84"}],"wp:featuredmedia":[{"embeddable":true,"href":"https:\/\/clearpaycanada.com\/fr\/wp-json\/wp\/v2\/media\/370"}],"wp:attachment":[{"href":"https:\/\/clearpaycanada.com\/fr\/wp-json\/wp\/v2\/media?parent=88"}],"curies":[{"name":"wp","href":"https:\/\/api.w.org\/{rel}","templated":true}]}}